{"id":46,"date":"2020-06-10T11:34:24","date_gmt":"2020-06-10T11:34:24","guid":{"rendered":"https:\/\/channel-clayton.uni-ak.ac.at\/?page_id=46"},"modified":"2020-06-24T06:29:33","modified_gmt":"2020-06-24T06:29:33","slug":"janosch-und-die-liebe","status":"publish","type":"page","link":"https:\/\/channel-clayton.uni-ak.ac.at\/index.php\/janosch-und-die-liebe\/","title":{"rendered":"Janosch und die Liebe"},"content":{"rendered":"\n<p><em>Eine Untersuchung \u00fcber Ausdrucksformen der Liebe&nbsp;<br>in Illustrationen zu den Kinder- und den Erwachsenenb\u00fcchern Horst Eckerts<\/em> von Nicole Wagner<\/p>\n\n\n\n<script src=\"https:\/\/cdn.podlove.org\/web-player\/5.x\/embed.js\"><\/script>\n\n<div id=\"player14\" class=\"intrinsic-ignore\"><\/div>\n<script>\n  podlovePlayer('#player14', '\/podcast\/episodes\/episode14.json', '\/podcast\/episodes\/config.json');\n<\/script>\n\n\n\n<p>Janosch&nbsp;ist Kinderbuchillustrator, Autor von Erwachsenenb\u00fcchern und freischaffender K\u00fcnstler. Liebe in all ihren Facetten, so die Grundthese, nimmt in seinem \u0152vre eine zentrale Stellung ein: vom Loblied auf die Freundschaft bis hin zum Wunschbild eines Arkadiens der Selbstverwirklichung und der Liebesfreiheit. In latenter L\u00fcsternheit im Spannungsfeld von Verniedlichung und Bestialit\u00e4t offenbart er ein ganzes B\u00fcndel an Sehns\u00fcchten, die als kollektives Ged\u00e4chtnis aller M\u00e4nnerfantasien erh\u00e4ltlich sind.&nbsp;<br>Diese Arbeit untersucht&nbsp;<em>Janoschs<\/em>&nbsp;disparates Bild von Liebe und deutet es gleichsam als Spiegel und als ironische Brechung des abendl\u00e4ndischen Liebesdiskurses.&nbsp;<\/p>\n\n\n\n<p>Betreuerin: Renate Vergeiner<\/p>\n\n\n\n<p>Die Arbeit zum Nachlesen finden Sie im <a href=\"http:\/\/phaidra.bibliothek.uni-ak.ac.at\/o:35230\">Repositorium der Angewandten<\/a>.<\/p>\n\n\n\n<figure class=\"wp-block-image size-large\"><img loading=\"lazy\" decoding=\"async\" width=\"1024\" height=\"1024\" src=\"https:\/\/channel-clayton.uni-ak.ac.at\/wp-content\/uploads\/2020\/06\/Janosch_Ich-liebe-dich-du-mausescharfes-Luder-fideralla-1024x1024.jpg\" alt=\"\" class=\"wp-image-35\" srcset=\"https:\/\/channel-clayton.uni-ak.ac.at\/wp-content\/uploads\/2020\/06\/Janosch_Ich-liebe-dich-du-mausescharfes-Luder-fideralla-1024x1024.jpg 1024w, https:\/\/channel-clayton.uni-ak.ac.at\/wp-content\/uploads\/2020\/06\/Janosch_Ich-liebe-dich-du-mausescharfes-Luder-fideralla-300x300.jpg 300w, https:\/\/channel-clayton.uni-ak.ac.at\/wp-content\/uploads\/2020\/06\/Janosch_Ich-liebe-dich-du-mausescharfes-Luder-fideralla-150x150.jpg 150w, https:\/\/channel-clayton.uni-ak.ac.at\/wp-content\/uploads\/2020\/06\/Janosch_Ich-liebe-dich-du-mausescharfes-Luder-fideralla-768x768.jpg 768w, https:\/\/channel-clayton.uni-ak.ac.at\/wp-content\/uploads\/2020\/06\/Janosch_Ich-liebe-dich-du-mausescharfes-Luder-fideralla-1200x1200.jpg 1200w, https:\/\/channel-clayton.uni-ak.ac.at\/wp-content\/uploads\/2020\/06\/Janosch_Ich-liebe-dich-du-mausescharfes-Luder-fideralla.jpg 1400w\" sizes=\"auto, (max-width: 1024px) 100vw, 1024px\" \/><figcaption>\u201eIch liebe Dich, du mausescharfes Luder\u201c, \u00a9 Janosch 2015<\/figcaption><\/figure>\n\n\n\n<p class=\"has-small-font-size\">Musik: <em>Cupcake Marshall<\/em> von <a href=\"https:\/\/freemusicarchive.org\/music\/Blue_Dot_Sessions\" target=\"_blank\" rel=\"noopener\">Blue Dot Sessions<\/a> (CC BY-NC 4.0)<\/p>\n","protected":false},"excerpt":{"rendered":"<p>Eine Untersuchung \u00fcber Ausdrucksformen der Liebe&nbsp;in Illustrationen zu den Kinder- und den Erwachsenenb\u00fcchern Horst Eckerts von Nicole Wagner Janosch&nbsp;ist Kinderbuchillustrator, Autor von Erwachsenenb\u00fcchern und freischaffender K\u00fcnstler. Liebe in all ihren Facetten, so die Grundthese, nimmt in seinem \u0152vre eine zentrale Stellung ein: vom Loblied auf die Freundschaft bis hin zum Wunschbild eines Arkadiens der Selbstverwirklichung [&hellip;]<\/p>\n","protected":false},"author":1,"featured_media":0,"parent":0,"menu_order":0,"comment_status":"closed","ping_status":"closed","template":"","meta":{"footnotes":""},"class_list":["post-46","page","type-page","status-publish","hentry"],"_links":{"self":[{"href":"https:\/\/channel-clayton.uni-ak.ac.at\/index.php\/wp-json\/wp\/v2\/pages\/46","targetHints":{"allow":["GET"]}}],"collection":[{"href":"https:\/\/channel-clayton.uni-ak.ac.at\/index.php\/wp-json\/wp\/v2\/pages"}],"about":[{"href":"https:\/\/channel-clayton.uni-ak.ac.at\/index.php\/wp-json\/wp\/v2\/types\/page"}],"author":[{"embeddable":true,"href":"https:\/\/channel-clayton.uni-ak.ac.at\/index.php\/wp-json\/wp\/v2\/users\/1"}],"replies":[{"embeddable":true,"href":"https:\/\/channel-clayton.uni-ak.ac.at\/index.php\/wp-json\/wp\/v2\/comments?post=46"}],"version-history":[{"count":8,"href":"https:\/\/channel-clayton.uni-ak.ac.at\/index.php\/wp-json\/wp\/v2\/pages\/46\/revisions"}],"predecessor-version":[{"id":225,"href":"https:\/\/channel-clayton.uni-ak.ac.at\/index.php\/wp-json\/wp\/v2\/pages\/46\/revisions\/225"}],"wp:attachment":[{"href":"https:\/\/channel-clayton.uni-ak.ac.at\/index.php\/wp-json\/wp\/v2\/media?parent=46"}],"curies":[{"name":"wp","href":"https:\/\/api.w.org\/{rel}","templated":true}]}}