{"id":344,"date":"2023-06-25T21:51:28","date_gmt":"2023-06-25T19:51:28","guid":{"rendered":"https:\/\/channel-clayton.uni-ak.ac.at\/?page_id=344"},"modified":"2023-06-26T12:30:43","modified_gmt":"2023-06-26T10:30:43","slug":"zwidemu","status":"publish","type":"page","link":"https:\/\/channel-clayton.uni-ak.ac.at\/index.php\/zwidemu\/","title":{"rendered":"ZWIDEMU"},"content":{"rendered":"\n<p><\/p>\n\n\n\n<script src=\"https:\/\/cdn.podlove.org\/web-player\/5.x\/embed.js\"><\/script>\n\n<div id=\"player25\" class=\"intrinsic-ignore\"><\/div>\n<script>\n  podlovePlayer('#player25', '\/podcast\/episodes\/episode25.json', '\/podcast\/episodes\/config.json');\n<\/script>\n\n\n\n<p><strong><strong>Die unendliche Teppichlandschaft<\/strong><\/strong><\/p>\n\n\n\n<p>von Paul Buschnegg und Pauls van Gemmern<\/p>\n\n\n\n<p>Wann wurde der Maria-Theresien-Platz ins verhei\u00dfungsvolle \u201eZWIDEMU\u201c umgetauft und von wem? Wer lungert da zwischen den formsch\u00f6n geschnittenen Buschgew\u00e4chsen herum und kippt Dosenbier? Was wummert da aus Bluetooth-Boxen? Und wie recherchiert man zu einem Ort der Jugendkultur, eingebettet zwischen Prunkbauten und Massentourismus?<\/p>\n\n\n\n<p>Das H\u00f6rst\u00fcck zeichnet bildreich einen Rechercheprozess nach, der in altert\u00fcmliche Facebookkommentare und Erinnerungen an die ersten Alkoholerfahrungen der Jugend reicht, aber auch hin zu politischen K\u00e4mpfen um \u00f6ffentlichen Raum und Verschiebungen im Verst\u00e4ndnis vom Verh\u00e4ltnis von Stadt und Jugend.<\/p>\n\n\n\n<p>Die Serie <a href=\"https:\/\/base.uni-ak.ac.at\/showroom\/RQmrTC9VLUewsNAfoSbm4v\/\">Stadtr\u00e4ume<\/a> des Podcasts \u201eChannel Clayton\u2014Mith\u00f6ren\u201c entstand im Sommersemester 2023 an der Abteilung Kulturwissenschaften bei Korinna Lindinger und Florian Bettel.<\/p>\n\n\n\n<p>Bild: Markus Mai\/Dstrict<\/p>\n\n\n\n<figure class=\"wp-block-image size-full\"><img loading=\"lazy\" decoding=\"async\" width=\"1000\" height=\"1000\" src=\"https:\/\/channel-clayton.uni-ak.ac.at\/wp-content\/uploads\/2023\/06\/zwidemu_podcast_pic.jpg\" alt=\"\" class=\"wp-image-350\" srcset=\"https:\/\/channel-clayton.uni-ak.ac.at\/wp-content\/uploads\/2023\/06\/zwidemu_podcast_pic.jpg 1000w, https:\/\/channel-clayton.uni-ak.ac.at\/wp-content\/uploads\/2023\/06\/zwidemu_podcast_pic-300x300.jpg 300w, https:\/\/channel-clayton.uni-ak.ac.at\/wp-content\/uploads\/2023\/06\/zwidemu_podcast_pic-150x150.jpg 150w, https:\/\/channel-clayton.uni-ak.ac.at\/wp-content\/uploads\/2023\/06\/zwidemu_podcast_pic-768x768.jpg 768w\" sizes=\"auto, (max-width: 1000px) 100vw, 1000px\" \/><\/figure>\n\n\n\n<p class=\"has-small-font-size\">Musik von Paul Buschnegg, 2023<\/p>\n","protected":false},"excerpt":{"rendered":"<p>Die unendliche Teppichlandschaft von Paul Buschnegg und Pauls van Gemmern Wann wurde der Maria-Theresien-Platz ins verhei\u00dfungsvolle \u201eZWIDEMU\u201c umgetauft und von wem? Wer lungert da zwischen den formsch\u00f6n geschnittenen Buschgew\u00e4chsen herum und kippt Dosenbier? Was wummert da aus Bluetooth-Boxen? Und wie recherchiert man zu einem Ort der Jugendkultur, eingebettet zwischen Prunkbauten und Massentourismus? Das H\u00f6rst\u00fcck zeichnet [&hellip;]<\/p>\n","protected":false},"author":1,"featured_media":0,"parent":0,"menu_order":0,"comment_status":"closed","ping_status":"closed","template":"","meta":{"footnotes":""},"class_list":["post-344","page","type-page","status-publish","hentry"],"_links":{"self":[{"href":"https:\/\/channel-clayton.uni-ak.ac.at\/index.php\/wp-json\/wp\/v2\/pages\/344","targetHints":{"allow":["GET"]}}],"collection":[{"href":"https:\/\/channel-clayton.uni-ak.ac.at\/index.php\/wp-json\/wp\/v2\/pages"}],"about":[{"href":"https:\/\/channel-clayton.uni-ak.ac.at\/index.php\/wp-json\/wp\/v2\/types\/page"}],"author":[{"embeddable":true,"href":"https:\/\/channel-clayton.uni-ak.ac.at\/index.php\/wp-json\/wp\/v2\/users\/1"}],"replies":[{"embeddable":true,"href":"https:\/\/channel-clayton.uni-ak.ac.at\/index.php\/wp-json\/wp\/v2\/comments?post=344"}],"version-history":[{"count":8,"href":"https:\/\/channel-clayton.uni-ak.ac.at\/index.php\/wp-json\/wp\/v2\/pages\/344\/revisions"}],"predecessor-version":[{"id":402,"href":"https:\/\/channel-clayton.uni-ak.ac.at\/index.php\/wp-json\/wp\/v2\/pages\/344\/revisions\/402"}],"wp:attachment":[{"href":"https:\/\/channel-clayton.uni-ak.ac.at\/index.php\/wp-json\/wp\/v2\/media?parent=344"}],"curies":[{"name":"wp","href":"https:\/\/api.w.org\/{rel}","templated":true}]}}