{"id":327,"date":"2023-06-25T20:11:33","date_gmt":"2023-06-25T18:11:33","guid":{"rendered":"https:\/\/channel-clayton.uni-ak.ac.at\/?page_id=327"},"modified":"2023-06-28T10:09:09","modified_gmt":"2023-06-28T08:09:09","slug":"schuhmeierplatz","status":"publish","type":"page","link":"https:\/\/channel-clayton.uni-ak.ac.at\/index.php\/schuhmeierplatz\/","title":{"rendered":"Schuhmeierplatz\u00a0"},"content":{"rendered":"\n<p><\/p>\n\n\n\n<script src=\"https:\/\/cdn.podlove.org\/web-player\/5.x\/embed.js\"><\/script>\n\n<div id=\"player23\" class=\"intrinsic-ignore\"><\/div>\n<script>\n  podlovePlayer('#player23', '\/podcast\/episodes\/episode23.json', '\/podcast\/episodes\/config.json');\n<\/script>\n\n\n\n<p><strong><strong>Von Schule, dem Slopen und der Sozialdemokratie<\/strong><\/strong><\/p>\n\n\n\n<p>von Selia Fischer und Maike M\u00fcller<br>Sprecherin: Caroline Baas<\/p>\n\n\n\n<p>Der Schuhmeierplatz im 16. Wiener Gemeindebezirk ist ein Ort des Spiels, des Transits und der gelebten Demokratie. Au\u00dferdem hie\u00df er einmal anders. Und: Er hat keinen Wikipedia-Artikel. <a href=\"https:\/\/de.wikipedia.org\/wiki\/Schuhmeierplatz\" target=\"_blank\" rel=\"noopener\">Das soll sich jetzt \u00e4ndern<\/a>. Daf\u00fcr \u00fcberlegen sowohl die Autorinnen als auch die Ottakringer*innen vor Ort, was \u00fcberhaupt so wichtig ist, dass es einen Eintrag im Internet verdient.<\/p>\n\n\n\n<p>Das H\u00f6rst\u00fcck gibt Einblick in historische und gegenw\u00e4rtige (Un-)Sichtbarkeiten, erforscht, was sich hinter einem \u201eFall mit demokratiepolitisch relevanten L\u00fccken\u201d verbirgt und fragt au\u00dferdem, was Udo J\u00fcrgens damit zu tun hat.<\/p>\n\n\n\n<p>Die Serie <a href=\"https:\/\/base.uni-ak.ac.at\/showroom\/RQmrTC9VLUewsNAfoSbm4v\/\">Stadtr\u00e4ume<\/a> des Podcasts \u201eChannel Clayton\u2014Mith\u00f6ren\u201c entstand im Sommersemester 2023 an der Abteilung Kulturwissenschaften bei Korinna Lindinger und Florian Bettel.<\/p>\n\n\n\n<p>Bild: Sperlings Postkartenverlag (M. M. S.) (Hersteller), 16., Schuhmeierplatz (vormals Habsburgplatz) &#8211; mit B\u00fcrgerschule, Ansichtskarte, nach 1904, <a href=\"https:\/\/sammlung.wienmuseum.at\/objekt\/130312\/\" target=\"_blank\" rel=\"noopener\">Wien Museum Inv.-Nr. 58891\/1296<\/a>, CC0<\/p>\n\n\n\n<figure class=\"wp-block-image size-large\"><img loading=\"lazy\" decoding=\"async\" width=\"1024\" height=\"1024\" src=\"https:\/\/channel-clayton.uni-ak.ac.at\/wp-content\/uploads\/2023\/06\/Schuhmeierplatz_Bild-1024x1024.jpg\" alt=\"\" class=\"wp-image-312\" srcset=\"https:\/\/channel-clayton.uni-ak.ac.at\/wp-content\/uploads\/2023\/06\/Schuhmeierplatz_Bild-1024x1024.jpg 1024w, https:\/\/channel-clayton.uni-ak.ac.at\/wp-content\/uploads\/2023\/06\/Schuhmeierplatz_Bild-300x300.jpg 300w, https:\/\/channel-clayton.uni-ak.ac.at\/wp-content\/uploads\/2023\/06\/Schuhmeierplatz_Bild-150x150.jpg 150w, https:\/\/channel-clayton.uni-ak.ac.at\/wp-content\/uploads\/2023\/06\/Schuhmeierplatz_Bild-768x768.jpg 768w, https:\/\/channel-clayton.uni-ak.ac.at\/wp-content\/uploads\/2023\/06\/Schuhmeierplatz_Bild-1536x1536.jpg 1536w, https:\/\/channel-clayton.uni-ak.ac.at\/wp-content\/uploads\/2023\/06\/Schuhmeierplatz_Bild-1200x1200.jpg 1200w, https:\/\/channel-clayton.uni-ak.ac.at\/wp-content\/uploads\/2023\/06\/Schuhmeierplatz_Bild.jpg 1950w\" sizes=\"auto, (max-width: 1024px) 100vw, 1024px\" \/><\/figure>\n\n\n\n<p class=\"has-small-font-size\">Musik von Paul Buschnegg, 2023<\/p>\n","protected":false},"excerpt":{"rendered":"<p>Von Schule, dem Slopen und der Sozialdemokratie von Selia Fischer und Maike M\u00fcllerSprecherin: Caroline Baas Der Schuhmeierplatz im 16. Wiener Gemeindebezirk ist ein Ort des Spiels, des Transits und der gelebten Demokratie. Au\u00dferdem hie\u00df er einmal anders. Und: Er hat keinen Wikipedia-Artikel. Das soll sich jetzt \u00e4ndern. Daf\u00fcr \u00fcberlegen sowohl die Autorinnen als auch die [&hellip;]<\/p>\n","protected":false},"author":1,"featured_media":0,"parent":0,"menu_order":0,"comment_status":"closed","ping_status":"closed","template":"","meta":{"footnotes":""},"class_list":["post-327","page","type-page","status-publish","hentry"],"_links":{"self":[{"href":"https:\/\/channel-clayton.uni-ak.ac.at\/index.php\/wp-json\/wp\/v2\/pages\/327","targetHints":{"allow":["GET"]}}],"collection":[{"href":"https:\/\/channel-clayton.uni-ak.ac.at\/index.php\/wp-json\/wp\/v2\/pages"}],"about":[{"href":"https:\/\/channel-clayton.uni-ak.ac.at\/index.php\/wp-json\/wp\/v2\/types\/page"}],"author":[{"embeddable":true,"href":"https:\/\/channel-clayton.uni-ak.ac.at\/index.php\/wp-json\/wp\/v2\/users\/1"}],"replies":[{"embeddable":true,"href":"https:\/\/channel-clayton.uni-ak.ac.at\/index.php\/wp-json\/wp\/v2\/comments?post=327"}],"version-history":[{"count":6,"href":"https:\/\/channel-clayton.uni-ak.ac.at\/index.php\/wp-json\/wp\/v2\/pages\/327\/revisions"}],"predecessor-version":[{"id":404,"href":"https:\/\/channel-clayton.uni-ak.ac.at\/index.php\/wp-json\/wp\/v2\/pages\/327\/revisions\/404"}],"wp:attachment":[{"href":"https:\/\/channel-clayton.uni-ak.ac.at\/index.php\/wp-json\/wp\/v2\/media?parent=327"}],"curies":[{"name":"wp","href":"https:\/\/api.w.org\/{rel}","templated":true}]}}