{"id":248,"date":"2021-06-29T10:49:41","date_gmt":"2021-06-29T10:49:41","guid":{"rendered":"https:\/\/channel-clayton.uni-ak.ac.at\/?page_id=248"},"modified":"2021-06-29T10:49:42","modified_gmt":"2021-06-29T10:49:42","slug":"ethno-illogical-museums","status":"publish","type":"page","link":"https:\/\/channel-clayton.uni-ak.ac.at\/index.php\/ethno-illogical-museums\/","title":{"rendered":"Ethno-illogical Museums"},"content":{"rendered":"\n<p><\/p>\n\n\n\n<script src=\"https:\/\/cdn.podlove.org\/web-player\/5.x\/embed.js\"><\/script>\n\n<div id=\"player21\" class=\"intrinsic-ignore\"><\/div>\n<script>\n  podlovePlayer('#player21', '\/podcast\/episodes\/episode21.json', '\/podcast\/episodes\/config.json');\n<\/script>\n\n\n\n<p><em>Analyse k\u00fcnstlerischer Interventionen in ethnologischen Museen<\/em> von Heidelinde Zach<\/p>\n\n\n\n<p>Ethnologische Museen stehen seit den 1980er Jahren in der Kritik, der Pflicht zur Reflexion und Dekolonisierung nur ungen\u00fcgend nachzukommen. Kooperationen mit kritischen K\u00fcnstler:innen soll ethnologischen Museen zu eindrucksvollen Entwicklungsspr\u00fcngen verhelfen und die H\u00e4user, samt Sammlungen, als wertvoll f\u00fcr aktuelle gesellschaftliche Diskurse konstruieren. Die Masterarbeit geht der Fragestellung nach, ob k\u00fcnstlerische Interventionen einen dekolonialen Effekt auf die Museumspraxis ethnologischer Museen aus\u00fcben. Als Analyse-Beispiele wurden das Weltmuseum Wien in Kooperation mit Lisl Ponger und das Humboldt Forum Berlin in Zusammenarbeit mit Priya Basil gew\u00e4hlt.<\/p>\n\n\n\n<p>Betreuerin: Eva Kernbauer<\/p>\n\n\n\n<p>Die Arbeit zum Nachlesen finden Sie im <a href=\"https:\/\/phaidra.bibliothek.uni-ak.ac.at\/detail_object\/o:37352\">Repositorium der Angewandten.<\/a><\/p>\n\n\n\n<figure class=\"wp-block-image size-large\"><img loading=\"lazy\" decoding=\"async\" width=\"1000\" height=\"1000\" src=\"https:\/\/channel-clayton.uni-ak.ac.at\/wp-content\/uploads\/2021\/06\/CCWAH.png\" alt=\"\" class=\"wp-image-249\" srcset=\"https:\/\/channel-clayton.uni-ak.ac.at\/wp-content\/uploads\/2021\/06\/CCWAH.png 1000w, https:\/\/channel-clayton.uni-ak.ac.at\/wp-content\/uploads\/2021\/06\/CCWAH-300x300.png 300w, https:\/\/channel-clayton.uni-ak.ac.at\/wp-content\/uploads\/2021\/06\/CCWAH-150x150.png 150w, https:\/\/channel-clayton.uni-ak.ac.at\/wp-content\/uploads\/2021\/06\/CCWAH-768x768.png 768w\" sizes=\"auto, (max-width: 1000px) 100vw, 1000px\" \/><\/figure>\n\n\n\n<p class=\"has-small-font-size\">Musik: <em>Cupcake Marshall<\/em> von <a href=\"https:\/\/freemusicarchive.org\/music\/Blue_Dot_Sessions\" target=\"_blank\" rel=\"noopener\">Blue Dot Sessions<\/a> (CC BY-NC 4.0)<\/p>\n","protected":false},"excerpt":{"rendered":"<p>Analyse k\u00fcnstlerischer Interventionen in ethnologischen Museen von Heidelinde Zach Ethnologische Museen stehen seit den 1980er Jahren in der Kritik, der Pflicht zur Reflexion und Dekolonisierung nur ungen\u00fcgend nachzukommen. Kooperationen mit kritischen K\u00fcnstler:innen soll ethnologischen Museen zu eindrucksvollen Entwicklungsspr\u00fcngen verhelfen und die H\u00e4user, samt Sammlungen, als wertvoll f\u00fcr aktuelle gesellschaftliche Diskurse konstruieren. Die Masterarbeit geht der [&hellip;]<\/p>\n","protected":false},"author":1,"featured_media":0,"parent":0,"menu_order":0,"comment_status":"closed","ping_status":"closed","template":"","meta":{"footnotes":""},"class_list":["post-248","page","type-page","status-publish","hentry"],"_links":{"self":[{"href":"https:\/\/channel-clayton.uni-ak.ac.at\/index.php\/wp-json\/wp\/v2\/pages\/248","targetHints":{"allow":["GET"]}}],"collection":[{"href":"https:\/\/channel-clayton.uni-ak.ac.at\/index.php\/wp-json\/wp\/v2\/pages"}],"about":[{"href":"https:\/\/channel-clayton.uni-ak.ac.at\/index.php\/wp-json\/wp\/v2\/types\/page"}],"author":[{"embeddable":true,"href":"https:\/\/channel-clayton.uni-ak.ac.at\/index.php\/wp-json\/wp\/v2\/users\/1"}],"replies":[{"embeddable":true,"href":"https:\/\/channel-clayton.uni-ak.ac.at\/index.php\/wp-json\/wp\/v2\/comments?post=248"}],"version-history":[{"count":4,"href":"https:\/\/channel-clayton.uni-ak.ac.at\/index.php\/wp-json\/wp\/v2\/pages\/248\/revisions"}],"predecessor-version":[{"id":281,"href":"https:\/\/channel-clayton.uni-ak.ac.at\/index.php\/wp-json\/wp\/v2\/pages\/248\/revisions\/281"}],"wp:attachment":[{"href":"https:\/\/channel-clayton.uni-ak.ac.at\/index.php\/wp-json\/wp\/v2\/media?parent=248"}],"curies":[{"name":"wp","href":"https:\/\/api.w.org\/{rel}","templated":true}]}}