{"id":245,"date":"2021-06-29T10:54:15","date_gmt":"2021-06-29T10:54:15","guid":{"rendered":"https:\/\/channel-clayton.uni-ak.ac.at\/?page_id=245"},"modified":"2021-06-29T10:54:29","modified_gmt":"2021-06-29T10:54:29","slug":"was-macht-eine-zur-autorin","status":"publish","type":"page","link":"https:\/\/channel-clayton.uni-ak.ac.at\/index.php\/was-macht-eine-zur-autorin\/","title":{"rendered":"Was macht eine* zur Autor*in?"},"content":{"rendered":"\n<p><\/p>\n\n\n\n<script src=\"https:\/\/cdn.podlove.org\/web-player\/5.x\/embed.js\"><\/script>\n\n<div id=\"player20\" class=\"intrinsic-ignore\"><\/div>\n<script>\n  podlovePlayer('#player20', '\/podcast\/episodes\/episode20.json', '\/podcast\/episodes\/config.json');\n<\/script>\n\n\n\n<p><em>Konzepte von Autorschaft im Kontext von digitalen Rezeptionspraktiken und Self-Publishing in \u00d6sterreich<\/em> von Madeleine Span<\/p>\n\n\n\n<p>Ein unver\u00f6ffentlichtes Manuskript und das publizierte Buch trennt heute oft nur ein Mausklick. Digitaldrucktechnologie, Print on Demand, E-Reading und ein breites Dienstleistungsangebot f\u00fcr aufstrebende Autor*innen bieten pl\u00f6tzlich einer Vielzahl von Menschen die M\u00f6glichkeit, sich ohne Verlag aktiv in den Literaturbetrieb einzubringen.<br>Die Dissertation analysiert Merkmale dieses neuen, digitalisierten Self-Publishings anhand einer <em>grounded theory<\/em> und zeichnet Perspektiven und Handlungsweisen seiner Autor*innen nach. Dar\u00fcber soll ermittelt werden, welche Impulse es f\u00fcr den gegenw\u00e4rtigen Literaturbetrieb und seine Institutionen gibt.<\/p>\n\n\n\n<p>Betreuer: Ernst Strouhal<\/p>\n\n\n\n<p><\/p>\n\n\n\n<figure class=\"wp-block-image size-large\"><img loading=\"lazy\" decoding=\"async\" width=\"1000\" height=\"1000\" src=\"https:\/\/channel-clayton.uni-ak.ac.at\/wp-content\/uploads\/2021\/06\/Grafik-1000x1000-1.jpg\" alt=\"\" class=\"wp-image-246\" srcset=\"https:\/\/channel-clayton.uni-ak.ac.at\/wp-content\/uploads\/2021\/06\/Grafik-1000x1000-1.jpg 1000w, https:\/\/channel-clayton.uni-ak.ac.at\/wp-content\/uploads\/2021\/06\/Grafik-1000x1000-1-300x300.jpg 300w, https:\/\/channel-clayton.uni-ak.ac.at\/wp-content\/uploads\/2021\/06\/Grafik-1000x1000-1-150x150.jpg 150w, https:\/\/channel-clayton.uni-ak.ac.at\/wp-content\/uploads\/2021\/06\/Grafik-1000x1000-1-768x768.jpg 768w\" sizes=\"auto, (max-width: 1000px) 100vw, 1000px\" \/><\/figure>\n\n\n\n<p class=\"has-small-font-size\">Musik: <em>Cupcake Marshall<\/em> von <a href=\"https:\/\/freemusicarchive.org\/music\/Blue_Dot_Sessions\" target=\"_blank\" rel=\"noopener\">Blue Dot Sessions<\/a> (CC BY-NC 4.0)<\/p>\n","protected":false},"excerpt":{"rendered":"<p>Konzepte von Autorschaft im Kontext von digitalen Rezeptionspraktiken und Self-Publishing in \u00d6sterreich von Madeleine Span Ein unver\u00f6ffentlichtes Manuskript und das publizierte Buch trennt heute oft nur ein Mausklick. Digitaldrucktechnologie, Print on Demand, E-Reading und ein breites Dienstleistungsangebot f\u00fcr aufstrebende Autor*innen bieten pl\u00f6tzlich einer Vielzahl von Menschen die M\u00f6glichkeit, sich ohne Verlag aktiv in den Literaturbetrieb [&hellip;]<\/p>\n","protected":false},"author":1,"featured_media":0,"parent":0,"menu_order":0,"comment_status":"closed","ping_status":"closed","template":"","meta":{"footnotes":""},"class_list":["post-245","page","type-page","status-publish","hentry"],"_links":{"self":[{"href":"https:\/\/channel-clayton.uni-ak.ac.at\/index.php\/wp-json\/wp\/v2\/pages\/245","targetHints":{"allow":["GET"]}}],"collection":[{"href":"https:\/\/channel-clayton.uni-ak.ac.at\/index.php\/wp-json\/wp\/v2\/pages"}],"about":[{"href":"https:\/\/channel-clayton.uni-ak.ac.at\/index.php\/wp-json\/wp\/v2\/types\/page"}],"author":[{"embeddable":true,"href":"https:\/\/channel-clayton.uni-ak.ac.at\/index.php\/wp-json\/wp\/v2\/users\/1"}],"replies":[{"embeddable":true,"href":"https:\/\/channel-clayton.uni-ak.ac.at\/index.php\/wp-json\/wp\/v2\/comments?post=245"}],"version-history":[{"count":4,"href":"https:\/\/channel-clayton.uni-ak.ac.at\/index.php\/wp-json\/wp\/v2\/pages\/245\/revisions"}],"predecessor-version":[{"id":283,"href":"https:\/\/channel-clayton.uni-ak.ac.at\/index.php\/wp-json\/wp\/v2\/pages\/245\/revisions\/283"}],"wp:attachment":[{"href":"https:\/\/channel-clayton.uni-ak.ac.at\/index.php\/wp-json\/wp\/v2\/media?parent=245"}],"curies":[{"name":"wp","href":"https:\/\/api.w.org\/{rel}","templated":true}]}}