{"id":233,"date":"2021-06-29T10:53:38","date_gmt":"2021-06-29T10:53:38","guid":{"rendered":"https:\/\/channel-clayton.uni-ak.ac.at\/?page_id=233"},"modified":"2021-06-29T12:47:26","modified_gmt":"2021-06-29T12:47:26","slug":"zusammengetragen-abgestellt-entfallen","status":"publish","type":"page","link":"https:\/\/channel-clayton.uni-ak.ac.at\/index.php\/zusammengetragen-abgestellt-entfallen\/","title":{"rendered":"Zusammengetragen \u2013 Abgestellt \u2013 Entfallen"},"content":{"rendered":"\n<p><em>\u00dcber den Umgang mit Depot-Best\u00e4nden<\/em> von Ramona Hirt<\/p>\n\n\n\n<script src=\"https:\/\/cdn.podlove.org\/web-player\/5.x\/embed.js\"><\/script>\n\n<div id=\"player16\" class=\"intrinsic-ignore\"><\/div>\n<script>\n  podlovePlayer('#player16', '\/podcast\/episodes\/episode16.json', '\/podcast\/episodes\/config.json');\n<\/script>\n\n\n\n<p>In dieser Arbeit werden verschiedene Aspekte zu Best\u00e4nden in Depots von Bundesmuseen analysiert. Vor allem die vorherrschende Unkenntnis \u00fcber Inhalt und Zustand dieser Lagerorte wird behandelt. Weiters wird betrachtet, was das <em>Bewahren <\/em>von Best\u00e4nden mit sich bringt. Einen Schwerpunkt bildet die aktuelle Debatte um Kunst- und Kulturg\u00fcter, die sich aufgrund von kolonialen Bewegungen in den Sammlungen und Depots befinden. Weiters werden Diskussionen rund um Kanon- und Museumskritik, pers\u00f6nliche Begegnungen mit Depots sowie k\u00fcnstlerische Arbeiten im und zum Depot, die auf unterschiedliche Weise auf die geltenden Bedingungen hinweisen betrachtet.<\/p>\n\n\n\n<p>Betreuerin: Eva Kernbauer<\/p>\n\n\n\n<p>Die Arbeit zum Nachlesen finden Sie im <a href=\"http:\/\/phaidra.bibliothek.uni-ak.ac.at\/o:37383\">Repositorium der Angewandten<\/a>.<\/p>\n\n\n\n<figure class=\"wp-block-image size-large\"><img loading=\"lazy\" decoding=\"async\" width=\"1000\" height=\"1000\" src=\"https:\/\/channel-clayton.uni-ak.ac.at\/wp-content\/uploads\/2021\/06\/olah.jpg\" alt=\"\" class=\"wp-image-234\" srcset=\"https:\/\/channel-clayton.uni-ak.ac.at\/wp-content\/uploads\/2021\/06\/olah.jpg 1000w, https:\/\/channel-clayton.uni-ak.ac.at\/wp-content\/uploads\/2021\/06\/olah-300x300.jpg 300w, https:\/\/channel-clayton.uni-ak.ac.at\/wp-content\/uploads\/2021\/06\/olah-150x150.jpg 150w, https:\/\/channel-clayton.uni-ak.ac.at\/wp-content\/uploads\/2021\/06\/olah-768x768.jpg 768w\" sizes=\"auto, (max-width: 1000px) 100vw, 1000px\" \/><\/figure>\n\n\n\n<p class=\"has-small-font-size\">Bild: Depot 56, Museumsdepots \u2013 Inside the Museum Storage \u00a9 Stefan Ol\u00e1h<br>Quelle: Ol\u00e1h, Stefan (Hg., Fotograf) \/ Grie\u00dfer, Martina (Hg.) \/ Universit\u00e4t f\u00fcr Angewandte Kunst Wien: Museumsdepots. 2014, S. 56<br>Musik: <em>Cupcake Marshall<\/em> von <a href=\"https:\/\/freemusicarchive.org\/music\/Blue_Dot_Sessions\" target=\"_blank\" rel=\"noopener\">Blue Dot Sessions<\/a> (CC BY-NC 4.0)<\/p>\n","protected":false},"excerpt":{"rendered":"<p>\u00dcber den Umgang mit Depot-Best\u00e4nden von Ramona Hirt In dieser Arbeit werden verschiedene Aspekte zu Best\u00e4nden in Depots von Bundesmuseen analysiert. Vor allem die vorherrschende Unkenntnis \u00fcber Inhalt und Zustand dieser Lagerorte wird behandelt. Weiters wird betrachtet, was das Bewahren von Best\u00e4nden mit sich bringt. Einen Schwerpunkt bildet die aktuelle Debatte um Kunst- und Kulturg\u00fcter, [&hellip;]<\/p>\n","protected":false},"author":1,"featured_media":0,"parent":0,"menu_order":0,"comment_status":"closed","ping_status":"closed","template":"","meta":{"footnotes":""},"class_list":["post-233","page","type-page","status-publish","hentry"],"_links":{"self":[{"href":"https:\/\/channel-clayton.uni-ak.ac.at\/index.php\/wp-json\/wp\/v2\/pages\/233","targetHints":{"allow":["GET"]}}],"collection":[{"href":"https:\/\/channel-clayton.uni-ak.ac.at\/index.php\/wp-json\/wp\/v2\/pages"}],"about":[{"href":"https:\/\/channel-clayton.uni-ak.ac.at\/index.php\/wp-json\/wp\/v2\/types\/page"}],"author":[{"embeddable":true,"href":"https:\/\/channel-clayton.uni-ak.ac.at\/index.php\/wp-json\/wp\/v2\/users\/1"}],"replies":[{"embeddable":true,"href":"https:\/\/channel-clayton.uni-ak.ac.at\/index.php\/wp-json\/wp\/v2\/comments?post=233"}],"version-history":[{"count":3,"href":"https:\/\/channel-clayton.uni-ak.ac.at\/index.php\/wp-json\/wp\/v2\/pages\/233\/revisions"}],"predecessor-version":[{"id":287,"href":"https:\/\/channel-clayton.uni-ak.ac.at\/index.php\/wp-json\/wp\/v2\/pages\/233\/revisions\/287"}],"wp:attachment":[{"href":"https:\/\/channel-clayton.uni-ak.ac.at\/index.php\/wp-json\/wp\/v2\/media?parent=233"}],"curies":[{"name":"wp","href":"https:\/\/api.w.org\/{rel}","templated":true}]}}